{"id":239,"date":"2020-09-09T06:27:47","date_gmt":"2020-09-09T06:27:47","guid":{"rendered":"https:\/\/bytete.cz\/?page_id=239"},"modified":"2021-11-02T10:11:20","modified_gmt":"2021-11-02T10:11:20","slug":"by-t%cf%83t%cf%83","status":"publish","type":"page","link":"https:\/\/bytete.cz\/","title":{"rendered":"BY T\u03a3T\u03a3"},"content":{"rendered":"\t\t<div data-elementor-type=\"wp-page\" data-elementor-id=\"239\" class=\"elementor elementor-239\">\n\t\t\t\t\t\t<div class=\"elementor-inner\">\n\t\t\t\t<div class=\"elementor-section-wrap\">\n\t\t\t\t\t\t\t\t\t<section class=\"elementor-section elementor-top-section elementor-element elementor-element-76071b7d elementor-section-boxed elementor-section-height-default elementor-section-height-default\" data-id=\"76071b7d\" data-element_type=\"section\">\n\t\t\t\t\t\t<div class=\"elementor-container elementor-column-gap-default\">\n\t\t\t\t\t\t\t<div class=\"elementor-row\">\n\t\t\t\t\t<div class=\"elementor-column elementor-col-100 elementor-top-column elementor-element elementor-element-4ce6cdd5\" data-id=\"4ce6cdd5\" data-element_type=\"column\">\n\t\t\t<div class=\"elementor-column-wrap elementor-element-populated\">\n\t\t\t\t\t\t\t<div class=\"elementor-widget-wrap\">\n\t\t\t\t\t\t<div class=\"elementor-element elementor-element-1051de1f elementor-widget elementor-widget-text-editor\" data-id=\"1051de1f\" data-element_type=\"widget\" data-widget_type=\"text-editor.default\">\n\t\t\t\t<div class=\"elementor-widget-container\">\n\t\t\t\t\t\t\t\t<div class=\"elementor-text-editor elementor-clearfix\">\n\t\t\t\t<!-- wp:jetpack\/tiled-gallery {\"className\":\"is-style-columns\",\"columnWidths\":[[18.30782010715456,40.97278777255149,40.71939212029395]],\"ids\":[285,282,283,284,279,286,278],\"imageFilter\":\"black-and-white\"} -->\n<div class=\"wp-block-jetpack-tiled-gallery aligncenter is-style-columns\"><div class=\"tiled-gallery__gallery\"><div class=\"tiled-gallery__row\"><div class=\"tiled-gallery__col\" style=\"flex-basis:18.30782010715456%\"><figure class=\"tiled-gallery__item filter__black-and-white\"><img alt=\"\" data-height=\"560\" data-id=\"285\" data-link=\"https:\/\/bytete.cz\/?attachment_id=285\" data-url=\"https:\/\/bytete.cz\/wp-content\/uploads\/2020\/09\/animated-5.gif\" data-width=\"310\" src=\"https:\/\/i2.wp.com\/bytete.cz\/wp-content\/uploads\/2020\/09\/animated-5.gif?ssl=1\" layout=\"responsive\"\/><\/figure><figure class=\"tiled-gallery__item filter__black-and-white\"><img alt=\"\" data-height=\"560\" data-id=\"282\" data-link=\"https:\/\/bytete.cz\/?attachment_id=282\" data-url=\"https:\/\/bytete.cz\/wp-content\/uploads\/2020\/09\/animated-2.gif\" data-width=\"420\" src=\"https:\/\/i1.wp.com\/bytete.cz\/wp-content\/uploads\/2020\/09\/animated-2.gif?ssl=1\" layout=\"responsive\"\/><\/figure><figure class=\"tiled-gallery__item filter__black-and-white\"><img alt=\"\" data-height=\"560\" data-id=\"283\" data-link=\"https:\/\/bytete.cz\/?attachment_id=283\" data-url=\"https:\/\/bytete.cz\/wp-content\/uploads\/2020\/09\/animated-3.gif\" data-width=\"420\" src=\"https:\/\/i2.wp.com\/bytete.cz\/wp-content\/uploads\/2020\/09\/animated-3.gif?ssl=1\" layout=\"responsive\"\/><\/figure><\/div><div class=\"tiled-gallery__col\" style=\"flex-basis:40.97278777255149%\"><figure class=\"tiled-gallery__item filter__black-and-white\"><img alt=\"\" data-height=\"559\" data-id=\"284\" data-link=\"https:\/\/bytete.cz\/?attachment_id=284\" data-url=\"https:\/\/bytete.cz\/wp-content\/uploads\/2020\/09\/animated-4.gif\" data-width=\"560\" src=\"https:\/\/i1.wp.com\/bytete.cz\/wp-content\/uploads\/2020\/09\/animated-4.gif?ssl=1\" layout=\"responsive\"\/><\/figure><figure class=\"tiled-gallery__item filter__black-and-white\"><img alt=\"\" data-height=\"554\" data-id=\"279\" data-link=\"https:\/\/bytete.cz\/?attachment_id=279\" data-url=\"https:\/\/bytete.cz\/wp-content\/uploads\/2020\/09\/animated-1.gif\" data-width=\"560\" src=\"https:\/\/i1.wp.com\/bytete.cz\/wp-content\/uploads\/2020\/09\/animated-1.gif?ssl=1\" layout=\"responsive\"\/><\/figure><\/div><div class=\"tiled-gallery__col\" style=\"flex-basis:40.71939212029395%\"><figure class=\"tiled-gallery__item filter__black-and-white\"><img alt=\"\" data-height=\"560\" data-id=\"286\" data-link=\"https:\/\/bytete.cz\/?attachment_id=286\" data-url=\"https:\/\/bytete.cz\/wp-content\/uploads\/2020\/09\/animated-6.gif\" data-width=\"560\" src=\"https:\/\/i2.wp.com\/bytete.cz\/wp-content\/uploads\/2020\/09\/animated-6.gif?ssl=1\" layout=\"responsive\"\/><\/figure><figure class=\"tiled-gallery__item filter__black-and-white\"><img alt=\"\" data-height=\"560\" data-id=\"278\" data-link=\"https:\/\/bytete.cz\/?attachment_id=278\" data-url=\"https:\/\/bytete.cz\/wp-content\/uploads\/2020\/09\/animated.gif\" data-width=\"560\" src=\"https:\/\/i2.wp.com\/bytete.cz\/wp-content\/uploads\/2020\/09\/animated.gif?ssl=1\" layout=\"responsive\"\/><\/figure><\/div><\/div><\/div><\/div>\n<!-- \/wp:jetpack\/tiled-gallery -->\t\t\t\t\t<\/div>\n\t\t\t\t\t\t<\/div>\n\t\t\t\t<\/div>\n\t\t\t\t\t\t<\/div>\n\t\t\t\t\t<\/div>\n\t\t<\/div>\n\t\t\t\t\t\t\t\t<\/div>\n\t\t\t\t\t<\/div>\n\t\t<\/section>\n\t\t\t\t\t\t\t\t\t<\/div>\n\t\t\t<\/div>\n\t\t\t\t\t<\/div>\n\t\t","protected":false},"excerpt":{"rendered":"","protected":false},"author":1,"featured_media":0,"parent":0,"menu_order":0,"comment_status":"closed","ping_status":"closed","template":"","meta":{"_mo_disable_npp":"","spay_email":""},"yoast_head":"<!-- This site is optimized with the Yoast SEO plugin v19.3 - https:\/\/yoast.com\/wordpress\/plugins\/seo\/ -->\n<title>BY T\u03a3T\u03a3 -<\/title>\n<meta name=\"robots\" content=\"index, follow, max-snippet:-1, max-image-preview:large, max-video-preview:-1\" \/>\n<link rel=\"canonical\" href=\"https:\/\/bytete.cz\/\" \/>\n<meta property=\"og:locale\" content=\"cs_CZ\" \/>\n<meta property=\"og:type\" content=\"article\" \/>\n<meta property=\"og:title\" content=\"BY T\u03a3T\u03a3 -\" \/>\n<meta property=\"og:url\" content=\"https:\/\/bytete.cz\/\" \/>\n<meta property=\"article:modified_time\" content=\"2021-11-02T10:11:20+00:00\" \/>\n<meta property=\"og:image\" content=\"https:\/\/i2.wp.com\/bytete.cz\/wp-content\/uploads\/2020\/09\/animated-5.gif?ssl=1\" \/>\n<meta name=\"twitter:card\" content=\"summary_large_image\" \/>\n<meta name=\"twitter:label1\" content=\"Odhadovan\u00e1 doba \u010dten\u00ed\" \/>\n\t<meta name=\"twitter:data1\" content=\"2 minuty\" \/>\n<script type=\"application\/ld+json\" class=\"yoast-schema-graph\">{\"@context\":\"https:\/\/schema.org\",\"@graph\":[{\"@type\":\"WebSite\",\"@id\":\"https:\/\/bytete.cz\/#website\",\"url\":\"https:\/\/bytete.cz\/\",\"name\":\"\",\"description\":\"\",\"potentialAction\":[{\"@type\":\"SearchAction\",\"target\":{\"@type\":\"EntryPoint\",\"urlTemplate\":\"https:\/\/bytete.cz\/?s={search_term_string}\"},\"query-input\":\"required name=search_term_string\"}],\"inLanguage\":\"cs\"},{\"@type\":\"ImageObject\",\"inLanguage\":\"cs\",\"@id\":\"https:\/\/bytete.cz\/#primaryimage\",\"url\":\"https:\/\/i2.wp.com\/bytete.cz\/wp-content\/uploads\/2020\/09\/animated-5.gif?ssl=1\",\"contentUrl\":\"https:\/\/i2.wp.com\/bytete.cz\/wp-content\/uploads\/2020\/09\/animated-5.gif?ssl=1\"},{\"@type\":\"WebPage\",\"@id\":\"https:\/\/bytete.cz\/\",\"url\":\"https:\/\/bytete.cz\/\",\"name\":\"BY T\u03a3T\u03a3 -\",\"isPartOf\":{\"@id\":\"https:\/\/bytete.cz\/#website\"},\"primaryImageOfPage\":{\"@id\":\"https:\/\/bytete.cz\/#primaryimage\"},\"datePublished\":\"2020-09-09T06:27:47+00:00\",\"dateModified\":\"2021-11-02T10:11:20+00:00\",\"breadcrumb\":{\"@id\":\"https:\/\/bytete.cz\/#breadcrumb\"},\"inLanguage\":\"cs\",\"potentialAction\":[{\"@type\":\"ReadAction\",\"target\":[\"https:\/\/bytete.cz\/\"]}]},{\"@type\":\"BreadcrumbList\",\"@id\":\"https:\/\/bytete.cz\/#breadcrumb\",\"itemListElement\":[{\"@type\":\"ListItem\",\"position\":1,\"name\":\"Dom\u016f\",\"item\":\"https:\/\/bytete.cz\/\"},{\"@type\":\"ListItem\",\"position\":2,\"name\":\"BY T\u03a3T\u03a3\"}]}]}<\/script>\n<!-- \/ Yoast SEO plugin. -->","yoast_head_json":{"title":"BY T\u03a3T\u03a3 -","robots":{"index":"index","follow":"follow","max-snippet":"max-snippet:-1","max-image-preview":"max-image-preview:large","max-video-preview":"max-video-preview:-1"},"canonical":"https:\/\/bytete.cz\/","og_locale":"cs_CZ","og_type":"article","og_title":"BY T\u03a3T\u03a3 -","og_url":"https:\/\/bytete.cz\/","article_modified_time":"2021-11-02T10:11:20+00:00","og_image":[{"url":"https:\/\/i2.wp.com\/bytete.cz\/wp-content\/uploads\/2020\/09\/animated-5.gif?ssl=1"}],"twitter_card":"summary_large_image","twitter_misc":{"Odhadovan\u00e1 doba \u010dten\u00ed":"2 minuty"},"schema":{"@context":"https:\/\/schema.org","@graph":[{"@type":"WebSite","@id":"https:\/\/bytete.cz\/#website","url":"https:\/\/bytete.cz\/","name":"","description":"","potentialAction":[{"@type":"SearchAction","target":{"@type":"EntryPoint","urlTemplate":"https:\/\/bytete.cz\/?s={search_term_string}"},"query-input":"required name=search_term_string"}],"inLanguage":"cs"},{"@type":"ImageObject","inLanguage":"cs","@id":"https:\/\/bytete.cz\/#primaryimage","url":"https:\/\/i2.wp.com\/bytete.cz\/wp-content\/uploads\/2020\/09\/animated-5.gif?ssl=1","contentUrl":"https:\/\/i2.wp.com\/bytete.cz\/wp-content\/uploads\/2020\/09\/animated-5.gif?ssl=1"},{"@type":"WebPage","@id":"https:\/\/bytete.cz\/","url":"https:\/\/bytete.cz\/","name":"BY T\u03a3T\u03a3 -","isPartOf":{"@id":"https:\/\/bytete.cz\/#website"},"primaryImageOfPage":{"@id":"https:\/\/bytete.cz\/#primaryimage"},"datePublished":"2020-09-09T06:27:47+00:00","dateModified":"2021-11-02T10:11:20+00:00","breadcrumb":{"@id":"https:\/\/bytete.cz\/#breadcrumb"},"inLanguage":"cs","potentialAction":[{"@type":"ReadAction","target":["https:\/\/bytete.cz\/"]}]},{"@type":"BreadcrumbList","@id":"https:\/\/bytete.cz\/#breadcrumb","itemListElement":[{"@type":"ListItem","position":1,"name":"Dom\u016f","item":"https:\/\/bytete.cz\/"},{"@type":"ListItem","position":2,"name":"BY T\u03a3T\u03a3"}]}]}},"_links":{"self":[{"href":"https:\/\/bytete.cz\/index.php?rest_route=\/wp\/v2\/pages\/239"}],"collection":[{"href":"https:\/\/bytete.cz\/index.php?rest_route=\/wp\/v2\/pages"}],"about":[{"href":"https:\/\/bytete.cz\/index.php?rest_route=\/wp\/v2\/types\/page"}],"author":[{"embeddable":true,"href":"https:\/\/bytete.cz\/index.php?rest_route=\/wp\/v2\/users\/1"}],"replies":[{"embeddable":true,"href":"https:\/\/bytete.cz\/index.php?rest_route=%2Fwp%2Fv2%2Fcomments&post=239"}],"version-history":[{"count":19,"href":"https:\/\/bytete.cz\/index.php?rest_route=\/wp\/v2\/pages\/239\/revisions"}],"predecessor-version":[{"id":583,"href":"https:\/\/bytete.cz\/index.php?rest_route=\/wp\/v2\/pages\/239\/revisions\/583"}],"wp:attachment":[{"href":"https:\/\/bytete.cz\/index.php?rest_route=%2Fwp%2Fv2%2Fmedia&parent=239"}],"curies":[{"name":"wp","href":"https:\/\/api.w.org\/{rel}","templated":true}]}}